{"id":246,"date":"2025-03-19T14:53:12","date_gmt":"2025-03-19T13:53:12","guid":{"rendered":"https:\/\/time.avatalents.ch\/?page_id=246"},"modified":"2026-01-16T13:16:18","modified_gmt":"2026-01-16T12:16:18","slug":"beratung","status":"publish","type":"page","link":"https:\/\/timedoo.ch\/fr\/beratung\/","title":{"rendered":"Beratung"},"content":{"rendered":"<div data-elementor-type=\"wp-page\" data-elementor-id=\"246\" class=\"elementor elementor-246\" data-elementor-post-type=\"page\">\n\t\t\t\t<div class=\"elementor-element elementor-element-65f53845 e-flex e-con-boxed e-con e-parent\" data-id=\"65f53845\" data-element_type=\"container\" data-settings=\"{&quot;background_background&quot;:&quot;classic&quot;}\">\n\t\t\t\t\t<div class=\"e-con-inner\">\n\t\t\t\t<div class=\"elementor-element elementor-element-3bfdd6e6 elementor-widget elementor-widget-heading\" data-id=\"3bfdd6e6\" data-element_type=\"widget\" data-widget_type=\"heading.default\">\n\t\t\t\t<div class=\"elementor-widget-container\">\n\t\t\t\t\t<h2 class=\"elementor-heading-title elementor-size-default\">Consultation gratuite - 15 min.<\/h2>\t\t\t\t<\/div>\n\t\t\t\t<\/div>\n\t\t\t\t<div class=\"elementor-element elementor-element-12ed26ef elementor-widget__width-initial elementor-widget-mobile__width-inherit elementor-widget elementor-widget-text-editor\" data-id=\"12ed26ef\" data-element_type=\"widget\" data-widget_type=\"text-editor.default\">\n\t\t\t\t<div class=\"elementor-widget-container\">\n\t\t\t\t\t\t\t\t\t<div class=\"font-claude-message relative leading-[1.65rem] [&amp;&gt;div&gt;div&gt;:is(p,ul,ol)]:pr-4 md:[&amp;&gt;div&gt;div&gt;:is(p,ul,ol)]:pr-8 [&amp;_pre&gt;div]:bg-bg-300 [&amp;_.ignore-pre-bg&gt;div]:bg-transparent\"><div class=\"grid-cols-1 grid gap-2.5 [&amp;_&gt;_*]:min-w-0\"><p class=\"whitespace-pre-wrap break-words\">Timedoo facilite plus que jamais la mise en place d'un syst\u00e8me professionnel de gestion du temps. Deux heures suffisent entre la premi\u00e8re consultation et la mise en service compl\u00e8te. Sans installation compliqu\u00e9e ni formation fastidieuse.<\/p><\/div><\/div>\t\t\t\t\t\t\t\t<\/div>\n\t\t\t\t<\/div>\n\t\t\t\t\t<\/div>\n\t\t\t\t<\/div>\n\t\t<div class=\"elementor-element elementor-element-d169ba0 e-flex e-con-boxed e-con e-parent\" data-id=\"d169ba0\" data-element_type=\"container\">\n\t\t\t\t\t<div class=\"e-con-inner\">\n\t\t\t\t<div class=\"elementor-element elementor-element-bcb350a elementor-widget elementor-widget-html\" data-id=\"bcb350a\" data-element_type=\"widget\" data-widget_type=\"html.default\">\n\t\t\t\t<div class=\"elementor-widget-container\">\n\t\t\t\t\t<!-- Start of Meetings Embed Script -->\n<div class=\"meetings-iframe-container\" data-src=\"https:\/\/meetings-eu1.hubspot.com\/support-siabit-ag\/erste-beratung-timedoo?embed=true\"><\/div>\n<script type=\"text\/javascript\" src=\"https:\/\/static.hsappstatic.net\/MeetingsEmbed\/ex\/MeetingsEmbedCode.js\"><\/script>\n<!-- End of Meetings Embed Script -->\t\t\t\t<\/div>\n\t\t\t\t<\/div>\n\t\t\t\t\t<\/div>\n\t\t\t\t<\/div>\n\t\t\t\t<\/div>","protected":false},"excerpt":{"rendered":"<p>Kostenlose Beratung &#8211; 15 Min. Timedoo macht die Einf\u00fchrung einer professionellen Zeiterfassung so einfach wie nie zuvor. Von der ersten Beratung bis zur vollst\u00e4ndigen Einsatzbereitschaft vergehen zwei Stunden. Ohne komplizierte Installationen oder langwierige Schulungen.<\/p>","protected":false},"author":1,"featured_media":0,"parent":0,"menu_order":0,"comment_status":"closed","ping_status":"closed","template":"","meta":{"iawp_total_views":604,"footnotes":""},"class_list":["post-246","page","type-page","status-publish","hentry"],"_links":{"self":[{"href":"https:\/\/timedoo.ch\/fr\/wp-json\/wp\/v2\/pages\/246","targetHints":{"allow":["GET"]}}],"collection":[{"href":"https:\/\/timedoo.ch\/fr\/wp-json\/wp\/v2\/pages"}],"about":[{"href":"https:\/\/timedoo.ch\/fr\/wp-json\/wp\/v2\/types\/page"}],"author":[{"embeddable":true,"href":"https:\/\/timedoo.ch\/fr\/wp-json\/wp\/v2\/users\/1"}],"replies":[{"embeddable":true,"href":"https:\/\/timedoo.ch\/fr\/wp-json\/wp\/v2\/comments?post=246"}],"version-history":[{"count":62,"href":"https:\/\/timedoo.ch\/fr\/wp-json\/wp\/v2\/pages\/246\/revisions"}],"predecessor-version":[{"id":952,"href":"https:\/\/timedoo.ch\/fr\/wp-json\/wp\/v2\/pages\/246\/revisions\/952"}],"wp:attachment":[{"href":"https:\/\/timedoo.ch\/fr\/wp-json\/wp\/v2\/media?parent=246"}],"curies":[{"name":"wp","href":"https:\/\/api.w.org\/{rel}","templated":true}]}}